{"id":3497,"date":"2024-11-19T11:19:45","date_gmt":"2024-11-19T10:19:45","guid":{"rendered":"https:\/\/vinicagin.com\/producto\/vinica-premium-dry-gin-700-ml-fr\/"},"modified":"2024-11-19T11:19:45","modified_gmt":"2024-11-19T10:19:45","slug":"vinica-premium-dry-gin-700-ml-fr","status":"publish","type":"product","link":"https:\/\/vinicagin.com\/fr\/producto\/vinica-premium-dry-gin-700-ml-fr\/","title":{"rendered":"V\u00ednica Premium Dry Gin"},"content":{"rendered":"<ul>\n<li><strong>Volume :<\/strong> 700 ml.<\/li>\n<li><strong>Origine :<\/strong> Cari\u00f1ena, Aragon, Espagne.<\/li>\n<li><strong>Ingr\u00e9dients principaux :<\/strong> Alcool de vin de Garnacha, botaniques locales.<\/li>\n<li><strong>Embouteillage :<\/strong> Verre recycl\u00e9, design artisanal.<\/li>\n<li><strong>Comment la d\u00e9guster :<\/strong> Savourez V\u00ednica seule, en cocktails classiques ou m\u00e9lang\u00e9e avec votre tonique pr\u00e9f\u00e9r\u00e9. Parfaite pour ceux qui recherchent un gin qui se distingue par son authenticit\u00e9 et sa saveur v\u00e9ritable.<\/li>\n<li><strong>\u00c9labor\u00e9e avec Garnacha :<\/strong> Le seul gin distill\u00e9 avec de l&#8217;alcool de vin de Garnacha, offrant un profil aromatique doux et distingu\u00e9 que les amateurs de vin et de gin sauront appr\u00e9cier.<\/li>\n<li><strong>Tradition et Durabilit\u00e9 :<\/strong> Produite dans une distillerie avec des d\u00e9cennies d&#8217;exp\u00e9rience, V\u00ednica combine des techniques ancestrales avec un fort engagement envers l&#8217;environnement. Chaque bouteille est en verre recycl\u00e9, contribuant \u00e0 un mod\u00e8le d&#8217;\u00e9conomie circulaire.<\/li>\n<li><strong>Botaniques locales :<\/strong> Une fusion exquise de botaniques soigneusement s\u00e9lectionn\u00e9s, inspir\u00e9s par la nature sauvage de l&#8217;Aragon.<\/li>\n<li><strong>Saveur incomparable :<\/strong> Profitez d&#8217;une exp\u00e9rience gustative qui combine le classique avec l&#8217;innovation, parfaite pour ceux qui recherchent l&#8217;exclusivit\u00e9 et la distinction \u00e0 chaque gorg\u00e9e.<\/li>\n<li><strong>\u00c9dition limit\u00e9e :<\/strong> Chaque bouteille de V\u00ednica est unique, du processus de distillation au design artisanal de l&#8217;emballage. Parfaite \u00e0 offrir ou \u00e0 savourer dans des occasions sp\u00e9ciales.<\/li>\n<\/ul>\n","protected":false},"excerpt":{"rendered":"<p>D\u00e9couvrez V\u00ednica, un gin artisanal unique \u00e9labor\u00e9 au c\u0153ur de l&#8217;Aragon. Distill\u00e9 dans une distillerie historique avec plus de 70 ans de tradition, V\u00ednica est le seul gin qui utilise de l&#8217;alcool de vin de Garnacha \u2014 un c\u00e9page embl\u00e9matique de la r\u00e9gion. Chaque bouteille de V\u00ednica est une c\u00e9l\u00e9bration de l&#8217;artisanat, de l&#8217;authenticit\u00e9 et d&#8217;une saveur exceptionnelle.<\/p>\n","protected":false},"featured_media":2312,"comment_status":"closed","ping_status":"closed","template":"","meta":[],"product_brand":[],"product_cat":[32],"product_tag":[],"class_list":{"0":"post-3497","1":"product","2":"type-product","3":"status-publish","4":"has-post-thumbnail","6":"product_cat-sin-categorizar","8":"first","9":"instock","10":"taxable","11":"shipping-taxable","12":"purchasable","13":"product-type-simple"},"_links":{"self":[{"href":"https:\/\/vinicagin.com\/fr\/wp-json\/wp\/v2\/product\/3497","targetHints":{"allow":["GET"]}}],"collection":[{"href":"https:\/\/vinicagin.com\/fr\/wp-json\/wp\/v2\/product"}],"about":[{"href":"https:\/\/vinicagin.com\/fr\/wp-json\/wp\/v2\/types\/product"}],"replies":[{"embeddable":true,"href":"https:\/\/vinicagin.com\/fr\/wp-json\/wp\/v2\/comments?post=3497"}],"wp:featuredmedia":[{"embeddable":true,"href":"https:\/\/vinicagin.com\/fr\/wp-json\/wp\/v2\/media\/2312"}],"wp:attachment":[{"href":"https:\/\/vinicagin.com\/fr\/wp-json\/wp\/v2\/media?parent=3497"}],"wp:term":[{"taxonomy":"product_brand","embeddable":true,"href":"https:\/\/vinicagin.com\/fr\/wp-json\/wp\/v2\/product_brand?post=3497"},{"taxonomy":"product_cat","embeddable":true,"href":"https:\/\/vinicagin.com\/fr\/wp-json\/wp\/v2\/product_cat?post=3497"},{"taxonomy":"product_tag","embeddable":true,"href":"https:\/\/vinicagin.com\/fr\/wp-json\/wp\/v2\/product_tag?post=3497"}],"curies":[{"name":"wp","href":"https:\/\/api.w.org\/{rel}","templated":true}]}}