{"id":3505,"date":"2026-05-02T12:19:30","date_gmt":"2026-05-02T10:19:30","guid":{"rendered":"https:\/\/vinicagin.com\/cepage-garnacha\/"},"modified":"2026-05-02T12:19:30","modified_gmt":"2026-05-02T10:19:30","slug":"cepage-garnacha","status":"publish","type":"page","link":"https:\/\/vinicagin.com\/fr\/cepage-garnacha\/","title":{"rendered":"C\u00e9page Garnacha : L&#8217;\u00c2me du Gin V\u00ednica"},"content":{"rendered":"","protected":false},"excerpt":{"rendered":"","protected":false},"author":3,"featured_media":0,"parent":0,"menu_order":0,"comment_status":"closed","ping_status":"closed","template":"","meta":{"footnotes":""},"class_list":["post-3505","page","type-page","status-publish","hentry"],"_links":{"self":[{"href":"https:\/\/vinicagin.com\/fr\/wp-json\/wp\/v2\/pages\/3505","targetHints":{"allow":["GET"]}}],"collection":[{"href":"https:\/\/vinicagin.com\/fr\/wp-json\/wp\/v2\/pages"}],"about":[{"href":"https:\/\/vinicagin.com\/fr\/wp-json\/wp\/v2\/types\/page"}],"author":[{"embeddable":true,"href":"https:\/\/vinicagin.com\/fr\/wp-json\/wp\/v2\/users\/3"}],"replies":[{"embeddable":true,"href":"https:\/\/vinicagin.com\/fr\/wp-json\/wp\/v2\/comments?post=3505"}],"version-history":[{"count":0,"href":"https:\/\/vinicagin.com\/fr\/wp-json\/wp\/v2\/pages\/3505\/revisions"}],"wp:attachment":[{"href":"https:\/\/vinicagin.com\/fr\/wp-json\/wp\/v2\/media?parent=3505"}],"curies":[{"name":"wp","href":"https:\/\/api.w.org\/{rel}","templated":true}]}}